{"id":7376,"date":"2023-04-09T10:30:26","date_gmt":"2023-04-09T10:30:26","guid":{"rendered":"https:\/\/tuntrading.ee\/?post_type=product&#038;p=7376"},"modified":"2026-02-18T13:36:40","modified_gmt":"2026-02-18T13:36:40","slug":"cote-d-azur-boston-moon-women-parfuumvesi-naistele-100ml","status":"publish","type":"product","link":"https:\/\/tuntrading.ee\/ru\/toode\/cote-d-azur-boston-moon-women-parfuumvesi-naistele-100ml\/","title":{"rendered":"C\u00f4te d&#8217;Azur BOSTON MOON WOMEN parf\u00fc\u00fcmvesi naistele 100ml"},"excerpt":{"rendered":"<p>L\u00d5HNANOODID<br \/>\npeal: aldeh\u00fc\u00fcdid, virsik<br \/>\nkeskosa: valged \u00f5ied, jasmiin, sensuaalne kannike<br \/>\np\u00f5hi: kristalne, kreemjas sandlipuu<\/p>\n","protected":false},"featured_media":7388,"comment_status":"open","ping_status":"closed","template":"","meta":[],"product_brand":[],"product_cat":[83,85],"product_tag":[],"class_list":{"0":"post-7376","1":"product","2":"type-product","3":"status-publish","4":"has-post-thumbnail","6":"product_cat-parfuumid","7":"product_cat-parfuumid-naistele","9":"first","10":"instock","11":"shipping-taxable","12":"purchasable","13":"product-type-simple"},"_links":{"self":[{"href":"https:\/\/tuntrading.ee\/ru\/wp-json\/wp\/v2\/product\/7376","targetHints":{"allow":["GET"]}}],"collection":[{"href":"https:\/\/tuntrading.ee\/ru\/wp-json\/wp\/v2\/product"}],"about":[{"href":"https:\/\/tuntrading.ee\/ru\/wp-json\/wp\/v2\/types\/product"}],"replies":[{"embeddable":true,"href":"https:\/\/tuntrading.ee\/ru\/wp-json\/wp\/v2\/comments?post=7376"}],"wp:featuredmedia":[{"embeddable":true,"href":"https:\/\/tuntrading.ee\/ru\/wp-json\/wp\/v2\/media\/7388"}],"wp:attachment":[{"href":"https:\/\/tuntrading.ee\/ru\/wp-json\/wp\/v2\/media?parent=7376"}],"wp:term":[{"taxonomy":"product_brand","embeddable":true,"href":"https:\/\/tuntrading.ee\/ru\/wp-json\/wp\/v2\/product_brand?post=7376"},{"taxonomy":"product_cat","embeddable":true,"href":"https:\/\/tuntrading.ee\/ru\/wp-json\/wp\/v2\/product_cat?post=7376"},{"taxonomy":"product_tag","embeddable":true,"href":"https:\/\/tuntrading.ee\/ru\/wp-json\/wp\/v2\/product_tag?post=7376"}],"curies":[{"name":"wp","href":"https:\/\/api.w.org\/{rel}","templated":true}]}}