{"id":7382,"date":"2023-04-09T10:39:52","date_gmt":"2023-04-09T10:39:52","guid":{"rendered":"https:\/\/tuntrading.ee\/?post_type=product&#038;p=7382"},"modified":"2026-02-18T13:28:16","modified_gmt":"2026-02-18T13:28:16","slug":"cote-d-azur-verse-de-luxe-parfuumvesi-naistele-100ml","status":"publish","type":"product","link":"https:\/\/tuntrading.ee\/ru\/toode\/cote-d-azur-verse-de-luxe-parfuumvesi-naistele-100ml\/","title":{"rendered":"C\u00f4te d&#8217;Azur VERSE DE LUXE parf\u00fc\u00fcmvesi naistele 100ml"},"excerpt":{"rendered":"<p>L\u00d5HNANOODID<br \/>\npeal: musts\u00f5star, granny smith, ristik, shisolia<br \/>\nkeskmine: roos, kroonlehed, virsik, jasmiin<br \/>\np\u00f5hi: styrax, valge sile puit, muskus, pat\u0161uli<\/p>\n","protected":false},"featured_media":7413,"comment_status":"open","ping_status":"closed","template":"","meta":[],"product_brand":[],"product_cat":[83,85],"product_tag":[],"class_list":{"0":"post-7382","1":"product","2":"type-product","3":"status-publish","4":"has-post-thumbnail","6":"product_cat-parfuumid","7":"product_cat-parfuumid-naistele","9":"first","10":"instock","11":"shipping-taxable","12":"purchasable","13":"product-type-simple"},"_links":{"self":[{"href":"https:\/\/tuntrading.ee\/ru\/wp-json\/wp\/v2\/product\/7382","targetHints":{"allow":["GET"]}}],"collection":[{"href":"https:\/\/tuntrading.ee\/ru\/wp-json\/wp\/v2\/product"}],"about":[{"href":"https:\/\/tuntrading.ee\/ru\/wp-json\/wp\/v2\/types\/product"}],"replies":[{"embeddable":true,"href":"https:\/\/tuntrading.ee\/ru\/wp-json\/wp\/v2\/comments?post=7382"}],"wp:featuredmedia":[{"embeddable":true,"href":"https:\/\/tuntrading.ee\/ru\/wp-json\/wp\/v2\/media\/7413"}],"wp:attachment":[{"href":"https:\/\/tuntrading.ee\/ru\/wp-json\/wp\/v2\/media?parent=7382"}],"wp:term":[{"taxonomy":"product_brand","embeddable":true,"href":"https:\/\/tuntrading.ee\/ru\/wp-json\/wp\/v2\/product_brand?post=7382"},{"taxonomy":"product_cat","embeddable":true,"href":"https:\/\/tuntrading.ee\/ru\/wp-json\/wp\/v2\/product_cat?post=7382"},{"taxonomy":"product_tag","embeddable":true,"href":"https:\/\/tuntrading.ee\/ru\/wp-json\/wp\/v2\/product_tag?post=7382"}],"curies":[{"name":"wp","href":"https:\/\/api.w.org\/{rel}","templated":true}]}}