{"id":7429,"date":"2023-04-09T13:06:55","date_gmt":"2023-04-09T13:06:55","guid":{"rendered":"https:\/\/tuntrading.ee\/?post_type=product&#038;p=7429"},"modified":"2026-02-19T08:02:24","modified_gmt":"2026-02-19T08:02:24","slug":"editt-porgandiseemneoli-kehapalsam-230g","status":"publish","type":"product","link":"https:\/\/tuntrading.ee\/ru\/toode\/editt-porgandiseemneoli-kehapalsam-230g\/","title":{"rendered":"EDITT porgandiseemne\u00f5li kehapalsam 230g"},"excerpt":{"rendered":"<p>Porgandi\u00f5likreem igap\u00e4evaseks n\u00e4o- ja kehahoolduseks. Niisutab, toidab ja annab v\u00e4sinud nahale s\u00e4ra. Sisaldab porgandiseemne\u00f5li, mis on rikas beetakaroteeni, A-, B-, C-, E- ja F-vitamiinide ning rasvhapete poolest, mis intensiivselt taastavad ja siluvad nahka. Need suurendavad elastsust ja parandavad nahatooni, andes sellele terve v\u00e4limuse. 230 g<\/p>\n<pre id=\"tw-target-text\" class=\"tw-data-text tw-text-large tw-ta\" dir=\"ltr\" tabindex=\"-1\" role=\"text\" data-placeholder=\"\u041f\u0435\u0440\u0435\u0432\u043e\u0434\" data-ved=\"2ahUKEwi53azfieWSAxWzKBAIHaB4F-UQ3ewLegQIDRAW\" aria-label=\"\u041f\u0435\u0440\u0435\u0432\u0435\u0434\u0435\u043d\u043d\u044b\u0439 \u0442\u0435\u043a\u0441\u0442: Porgandi\u00f5likreem igap\u00e4evaseks n\u00e4o- ja kehahoolduseks. Niisutab, toidab ja annab v\u00e4sinud nahale s\u00e4ra. Sisaldab porgandiseemne\u00f5li, mis on rikas beetakaroteeni, A-, B-, C-, E- ja F-vitamiinide ning rasvhapete poolest, mis intensiivselt taastavad ja siluvad nahka. Need suurendavad elastsust ja parandavad nahatooni, andes sellele terve v\u00e4limuse. 230 g\">\r\n<\/pre>\n","protected":false},"featured_media":7430,"comment_status":"open","ping_status":"closed","template":"","meta":[],"product_brand":[],"product_cat":[88,90],"product_tag":[],"class_list":{"0":"post-7429","1":"product","2":"type-product","3":"status-publish","4":"has-post-thumbnail","6":"product_cat-kehakosmeetika","7":"product_cat-muu-kosmeetika","9":"first","10":"instock","11":"shipping-taxable","12":"purchasable","13":"product-type-simple"},"_links":{"self":[{"href":"https:\/\/tuntrading.ee\/ru\/wp-json\/wp\/v2\/product\/7429","targetHints":{"allow":["GET"]}}],"collection":[{"href":"https:\/\/tuntrading.ee\/ru\/wp-json\/wp\/v2\/product"}],"about":[{"href":"https:\/\/tuntrading.ee\/ru\/wp-json\/wp\/v2\/types\/product"}],"replies":[{"embeddable":true,"href":"https:\/\/tuntrading.ee\/ru\/wp-json\/wp\/v2\/comments?post=7429"}],"wp:featuredmedia":[{"embeddable":true,"href":"https:\/\/tuntrading.ee\/ru\/wp-json\/wp\/v2\/media\/7430"}],"wp:attachment":[{"href":"https:\/\/tuntrading.ee\/ru\/wp-json\/wp\/v2\/media?parent=7429"}],"wp:term":[{"taxonomy":"product_brand","embeddable":true,"href":"https:\/\/tuntrading.ee\/ru\/wp-json\/wp\/v2\/product_brand?post=7429"},{"taxonomy":"product_cat","embeddable":true,"href":"https:\/\/tuntrading.ee\/ru\/wp-json\/wp\/v2\/product_cat?post=7429"},{"taxonomy":"product_tag","embeddable":true,"href":"https:\/\/tuntrading.ee\/ru\/wp-json\/wp\/v2\/product_tag?post=7429"}],"curies":[{"name":"wp","href":"https:\/\/api.w.org\/{rel}","templated":true}]}}