{"id":7455,"date":"2026-01-28T05:04:20","date_gmt":"2026-01-28T05:04:20","guid":{"rendered":"https:\/\/tuntrading.ee\/?post_type=product&#038;p=7455"},"modified":"2026-02-19T07:59:57","modified_gmt":"2026-02-19T07:59:57","slug":"cote-dazur-elixir-nr-09-110ml","status":"publish","type":"product","link":"https:\/\/tuntrading.ee\/ru\/toode\/cote-dazur-elixir-nr-09-110ml\/","title":{"rendered":"C\u00f4te d&#8217;Azur ELIXIR nr. 09  110ml"},"excerpt":{"rendered":"<p>See on imeline v\u00e4rske l\u00f5hn.<\/p>\n<p>See l\u00f5hn meenutab Dolce&amp;Gabbana L&#8217;Imperatrice parf\u00fc\u00fcmi.<\/p>\n","protected":false},"featured_media":7456,"comment_status":"open","ping_status":"closed","template":"","meta":[],"product_brand":[],"product_cat":[83,85],"product_tag":[],"class_list":{"0":"post-7455","1":"product","2":"type-product","3":"status-publish","4":"has-post-thumbnail","6":"product_cat-parfuumid","7":"product_cat-parfuumid-naistele","9":"first","10":"instock","11":"sale","12":"shipping-taxable","13":"purchasable","14":"product-type-simple"},"_links":{"self":[{"href":"https:\/\/tuntrading.ee\/ru\/wp-json\/wp\/v2\/product\/7455","targetHints":{"allow":["GET"]}}],"collection":[{"href":"https:\/\/tuntrading.ee\/ru\/wp-json\/wp\/v2\/product"}],"about":[{"href":"https:\/\/tuntrading.ee\/ru\/wp-json\/wp\/v2\/types\/product"}],"replies":[{"embeddable":true,"href":"https:\/\/tuntrading.ee\/ru\/wp-json\/wp\/v2\/comments?post=7455"}],"wp:featuredmedia":[{"embeddable":true,"href":"https:\/\/tuntrading.ee\/ru\/wp-json\/wp\/v2\/media\/7456"}],"wp:attachment":[{"href":"https:\/\/tuntrading.ee\/ru\/wp-json\/wp\/v2\/media?parent=7455"}],"wp:term":[{"taxonomy":"product_brand","embeddable":true,"href":"https:\/\/tuntrading.ee\/ru\/wp-json\/wp\/v2\/product_brand?post=7455"},{"taxonomy":"product_cat","embeddable":true,"href":"https:\/\/tuntrading.ee\/ru\/wp-json\/wp\/v2\/product_cat?post=7455"},{"taxonomy":"product_tag","embeddable":true,"href":"https:\/\/tuntrading.ee\/ru\/wp-json\/wp\/v2\/product_tag?post=7455"}],"curies":[{"name":"wp","href":"https:\/\/api.w.org\/{rel}","templated":true}]}}