{"id":7488,"date":"2026-02-18T12:55:28","date_gmt":"2026-02-18T12:55:28","guid":{"rendered":"https:\/\/tuntrading.ee\/?post_type=product&#038;p=7488"},"modified":"2026-02-18T13:23:31","modified_gmt":"2026-02-18T13:23:31","slug":"cote-dazur-chico-5-classik-women-parfuumvesi-naistele-100ml","status":"publish","type":"product","link":"https:\/\/tuntrading.ee\/ru\/toode\/cote-dazur-chico-5-classik-women-parfuumvesi-naistele-100ml\/","title":{"rendered":"C\u00f4te d&#8217;Azur CHICO 5 CLASSIK WOMEN parf\u00fc\u00fcmvesi naistele 100ml"},"excerpt":{"rendered":"<p>L\u00d5HNNOODID<\/p>\n<p>tippnoodid: ilang-ilang, neroli, aldeh\u00fc\u00fcdid<\/p>\n<p>kesknoodid: jasmiin, majonees<\/p>\n<p>p\u00f5hinoodid: sandlipuu, vetiver<\/p>\n","protected":false},"featured_media":7489,"comment_status":"open","ping_status":"closed","template":"","meta":[],"product_brand":[],"product_cat":[83,85],"product_tag":[],"class_list":{"0":"post-7488","1":"product","2":"type-product","3":"status-publish","4":"has-post-thumbnail","6":"product_cat-parfuumid","7":"product_cat-parfuumid-naistele","9":"first","10":"instock","11":"shipping-taxable","12":"purchasable","13":"product-type-simple"},"_links":{"self":[{"href":"https:\/\/tuntrading.ee\/ru\/wp-json\/wp\/v2\/product\/7488","targetHints":{"allow":["GET"]}}],"collection":[{"href":"https:\/\/tuntrading.ee\/ru\/wp-json\/wp\/v2\/product"}],"about":[{"href":"https:\/\/tuntrading.ee\/ru\/wp-json\/wp\/v2\/types\/product"}],"replies":[{"embeddable":true,"href":"https:\/\/tuntrading.ee\/ru\/wp-json\/wp\/v2\/comments?post=7488"}],"wp:featuredmedia":[{"embeddable":true,"href":"https:\/\/tuntrading.ee\/ru\/wp-json\/wp\/v2\/media\/7489"}],"wp:attachment":[{"href":"https:\/\/tuntrading.ee\/ru\/wp-json\/wp\/v2\/media?parent=7488"}],"wp:term":[{"taxonomy":"product_brand","embeddable":true,"href":"https:\/\/tuntrading.ee\/ru\/wp-json\/wp\/v2\/product_brand?post=7488"},{"taxonomy":"product_cat","embeddable":true,"href":"https:\/\/tuntrading.ee\/ru\/wp-json\/wp\/v2\/product_cat?post=7488"},{"taxonomy":"product_tag","embeddable":true,"href":"https:\/\/tuntrading.ee\/ru\/wp-json\/wp\/v2\/product_tag?post=7488"}],"curies":[{"name":"wp","href":"https:\/\/api.w.org\/{rel}","templated":true}]}}