{"id":7500,"date":"2026-02-28T11:38:21","date_gmt":"2026-02-28T11:38:21","guid":{"rendered":"https:\/\/tuntrading.ee\/?post_type=product&#038;p=7500"},"modified":"2026-02-28T11:38:35","modified_gmt":"2026-02-28T11:38:35","slug":"editt-kehakreem-glukosamiiniga-ja-ingveriga-220g","status":"publish","type":"product","link":"https:\/\/tuntrading.ee\/ru\/toode\/editt-kehakreem-glukosamiiniga-ja-ingveriga-220g\/","title":{"rendered":"Editt Kehakreem glukosamiiniga ja ingveriga 220g"},"excerpt":{"rendered":"<p><strong>Gl\u00fckoosamiini ja ingveriga kreem \u2013 Terved liigesed.<\/strong><\/p>\n<p><strong>Gl\u00fckoosamiin \u2013 osaleb k\u00f5hre p\u00f5hiaine koostises olevate proteogl\u00fckaanide bios\u00fcnteesis. <\/strong><strong>Regenereerib intensiivselt kahjustatud kudet, tugevdades ja elastseks muutes seda. Ingveri\u00f5li \u2013 soojendava toimega, mis v\u00e4hendab liigeste \u00fcmbruse naha pingetunnet ning l\u00f5dvestab ja taastab seda m\u00f5nusalt. <\/strong><strong>H\u00f5lbustab teiste kreemis sisalduvate ainete imendumist. Kasutamine: toode on m\u00f5eldud kasutamiseks regulaarselt, 2-3 korda p\u00e4evas, et suurendada selle efektiivsust. Soovitatav aktiivsetele inimestele, sporti tegevatele ja eakatele inimestele. Kandke v\u00e4ike kogus kreemi ja hajutage see \u00f5rnalt \u00fcmber liigeste, seej\u00e4rel masseerige \u00f5rnalt ringjate liigutustega.<\/strong><\/p>\n<p><strong>Palsam on m\u00f5eldud ainult v\u00e4lispidiseks kasutamiseks. Mitte kasutada \u00e4rritunud piirkondades, silmade, suu, nina v\u00f5i limaskestade \u00fcmbruses. <\/strong><\/p>\n","protected":false},"featured_media":7501,"comment_status":"open","ping_status":"closed","template":"","meta":[],"product_brand":[],"product_cat":[88,90],"product_tag":[],"class_list":{"0":"post-7500","1":"product","2":"type-product","3":"status-publish","4":"has-post-thumbnail","6":"product_cat-kehakosmeetika","7":"product_cat-muu-kosmeetika","9":"first","10":"instock","11":"shipping-taxable","12":"purchasable","13":"product-type-simple"},"_links":{"self":[{"href":"https:\/\/tuntrading.ee\/ru\/wp-json\/wp\/v2\/product\/7500","targetHints":{"allow":["GET"]}}],"collection":[{"href":"https:\/\/tuntrading.ee\/ru\/wp-json\/wp\/v2\/product"}],"about":[{"href":"https:\/\/tuntrading.ee\/ru\/wp-json\/wp\/v2\/types\/product"}],"replies":[{"embeddable":true,"href":"https:\/\/tuntrading.ee\/ru\/wp-json\/wp\/v2\/comments?post=7500"}],"wp:featuredmedia":[{"embeddable":true,"href":"https:\/\/tuntrading.ee\/ru\/wp-json\/wp\/v2\/media\/7501"}],"wp:attachment":[{"href":"https:\/\/tuntrading.ee\/ru\/wp-json\/wp\/v2\/media?parent=7500"}],"wp:term":[{"taxonomy":"product_brand","embeddable":true,"href":"https:\/\/tuntrading.ee\/ru\/wp-json\/wp\/v2\/product_brand?post=7500"},{"taxonomy":"product_cat","embeddable":true,"href":"https:\/\/tuntrading.ee\/ru\/wp-json\/wp\/v2\/product_cat?post=7500"},{"taxonomy":"product_tag","embeddable":true,"href":"https:\/\/tuntrading.ee\/ru\/wp-json\/wp\/v2\/product_tag?post=7500"}],"curies":[{"name":"wp","href":"https:\/\/api.w.org\/{rel}","templated":true}]}}