{"id":7503,"date":"2026-02-28T11:41:17","date_gmt":"2026-02-28T11:41:17","guid":{"rendered":"https:\/\/tuntrading.ee\/?post_type=product&#038;p=7503"},"modified":"2026-02-28T11:41:27","modified_gmt":"2026-02-28T11:41:27","slug":"editt-kanepi-jahutav-kehapalsam-220ml","status":"publish","type":"product","link":"https:\/\/tuntrading.ee\/ru\/toode\/editt-kanepi-jahutav-kehapalsam-220ml\/","title":{"rendered":"Editt Kanepi jahutav kehapalsam 220ml"},"excerpt":{"rendered":"<p><strong>Jahutava toimega kehapalsam. Toote valem on rikastatud looduslike taimsete koostisosadega, et l\u00f5dvestada lihaseid, leevendada spasme ja leevendada v\u00e4simust p\u00e4rast rasket f\u00fc\u00fcsilist koormust. <\/strong><\/p>\n","protected":false},"featured_media":7504,"comment_status":"open","ping_status":"closed","template":"","meta":[],"product_brand":[],"product_cat":[88,90],"product_tag":[],"class_list":{"0":"post-7503","1":"product","2":"type-product","3":"status-publish","4":"has-post-thumbnail","6":"product_cat-kehakosmeetika","7":"product_cat-muu-kosmeetika","9":"first","10":"instock","11":"shipping-taxable","12":"purchasable","13":"product-type-simple"},"_links":{"self":[{"href":"https:\/\/tuntrading.ee\/ru\/wp-json\/wp\/v2\/product\/7503","targetHints":{"allow":["GET"]}}],"collection":[{"href":"https:\/\/tuntrading.ee\/ru\/wp-json\/wp\/v2\/product"}],"about":[{"href":"https:\/\/tuntrading.ee\/ru\/wp-json\/wp\/v2\/types\/product"}],"replies":[{"embeddable":true,"href":"https:\/\/tuntrading.ee\/ru\/wp-json\/wp\/v2\/comments?post=7503"}],"wp:featuredmedia":[{"embeddable":true,"href":"https:\/\/tuntrading.ee\/ru\/wp-json\/wp\/v2\/media\/7504"}],"wp:attachment":[{"href":"https:\/\/tuntrading.ee\/ru\/wp-json\/wp\/v2\/media?parent=7503"}],"wp:term":[{"taxonomy":"product_brand","embeddable":true,"href":"https:\/\/tuntrading.ee\/ru\/wp-json\/wp\/v2\/product_brand?post=7503"},{"taxonomy":"product_cat","embeddable":true,"href":"https:\/\/tuntrading.ee\/ru\/wp-json\/wp\/v2\/product_cat?post=7503"},{"taxonomy":"product_tag","embeddable":true,"href":"https:\/\/tuntrading.ee\/ru\/wp-json\/wp\/v2\/product_tag?post=7503"}],"curies":[{"name":"wp","href":"https:\/\/api.w.org\/{rel}","templated":true}]}}