{"id":7506,"date":"2026-02-28T11:43:10","date_gmt":"2026-02-28T11:43:10","guid":{"rendered":"https:\/\/tuntrading.ee\/?post_type=product&#038;p=7506"},"modified":"2026-02-28T11:43:10","modified_gmt":"2026-02-28T11:43:10","slug":"editt-kanepi-soojendav-kehapalsam-220ml","status":"publish","type":"product","link":"https:\/\/tuntrading.ee\/ru\/toode\/editt-kanepi-soojendav-kehapalsam-220ml\/","title":{"rendered":"Editt Kanepi soojendav kehapalsam 220ml"},"excerpt":{"rendered":"<p><strong>Sisaldab hobukastani, raudrohi, arnika, rosmariini, piparm\u00fcndi, kanepiseemne\u00f5li ja eukal\u00fcpti\u00f5li ekstrakte. Palsam on soojendava toimega ja parandab vereringet. Niisutab, rahustab. See aitab reumaatiliste vaevuste, artriidi, lihas- ja l\u00fclisambavalude korral. <\/strong><strong>Kasutamine: kanda masseerides puhtale nahale.<\/strong><\/p>\n","protected":false},"featured_media":7507,"comment_status":"open","ping_status":"closed","template":"","meta":[],"product_brand":[],"product_cat":[88,90],"product_tag":[],"class_list":{"0":"post-7506","1":"product","2":"type-product","3":"status-publish","4":"has-post-thumbnail","6":"product_cat-kehakosmeetika","7":"product_cat-muu-kosmeetika","9":"first","10":"instock","11":"shipping-taxable","12":"purchasable","13":"product-type-simple"},"_links":{"self":[{"href":"https:\/\/tuntrading.ee\/ru\/wp-json\/wp\/v2\/product\/7506","targetHints":{"allow":["GET"]}}],"collection":[{"href":"https:\/\/tuntrading.ee\/ru\/wp-json\/wp\/v2\/product"}],"about":[{"href":"https:\/\/tuntrading.ee\/ru\/wp-json\/wp\/v2\/types\/product"}],"replies":[{"embeddable":true,"href":"https:\/\/tuntrading.ee\/ru\/wp-json\/wp\/v2\/comments?post=7506"}],"wp:featuredmedia":[{"embeddable":true,"href":"https:\/\/tuntrading.ee\/ru\/wp-json\/wp\/v2\/media\/7507"}],"wp:attachment":[{"href":"https:\/\/tuntrading.ee\/ru\/wp-json\/wp\/v2\/media?parent=7506"}],"wp:term":[{"taxonomy":"product_brand","embeddable":true,"href":"https:\/\/tuntrading.ee\/ru\/wp-json\/wp\/v2\/product_brand?post=7506"},{"taxonomy":"product_cat","embeddable":true,"href":"https:\/\/tuntrading.ee\/ru\/wp-json\/wp\/v2\/product_cat?post=7506"},{"taxonomy":"product_tag","embeddable":true,"href":"https:\/\/tuntrading.ee\/ru\/wp-json\/wp\/v2\/product_tag?post=7506"}],"curies":[{"name":"wp","href":"https:\/\/api.w.org\/{rel}","templated":true}]}}