{"id":7509,"date":"2026-02-28T11:44:44","date_gmt":"2026-02-28T11:44:44","guid":{"rendered":"https:\/\/tuntrading.ee\/?post_type=product&#038;p=7509"},"modified":"2026-02-28T11:44:44","modified_gmt":"2026-02-28T11:44:44","slug":"editt-kanepipalsam-lihaste-ja-liigaste-valu-vastu-220ml","status":"publish","type":"product","link":"https:\/\/tuntrading.ee\/ru\/toode\/editt-kanepipalsam-lihaste-ja-liigaste-valu-vastu-220ml\/","title":{"rendered":"Editt Kanepipalsam lihaste ja liigaste valu vastu 220ml"},"excerpt":{"rendered":"<p><strong>Loodusliku kanepi\u00f5liga palsam leevendab lihaspingeid ja liigesevalu. Soovitatav massaa\u017eiks f\u00fc\u00fcsilise v\u00e4simuse, n\u00e4rvipingete ja reumaatiliste vaevuste korral.<\/strong><\/p>\n<p><strong>Leevendab lihaspingeid, aitab reumaatiliste vaevuste korral rahustab valutavaid liigeseid niisutab ja hooldab pinguldab keha. Seda tuleks kanda v\u00e4liselt, masseerides \u00f5rnalt nahka. M\u00f5eldud igap\u00e4evaseks hoolduseks. Regulaarsel kasutamisel pinguldab see keha ja annab kuivale nahale niisutust.<\/strong><\/p>\n","protected":false},"featured_media":7510,"comment_status":"open","ping_status":"closed","template":"","meta":[],"product_brand":[],"product_cat":[88,90],"product_tag":[],"class_list":{"0":"post-7509","1":"product","2":"type-product","3":"status-publish","4":"has-post-thumbnail","6":"product_cat-kehakosmeetika","7":"product_cat-muu-kosmeetika","9":"first","10":"instock","11":"shipping-taxable","12":"purchasable","13":"product-type-simple"},"_links":{"self":[{"href":"https:\/\/tuntrading.ee\/ru\/wp-json\/wp\/v2\/product\/7509","targetHints":{"allow":["GET"]}}],"collection":[{"href":"https:\/\/tuntrading.ee\/ru\/wp-json\/wp\/v2\/product"}],"about":[{"href":"https:\/\/tuntrading.ee\/ru\/wp-json\/wp\/v2\/types\/product"}],"replies":[{"embeddable":true,"href":"https:\/\/tuntrading.ee\/ru\/wp-json\/wp\/v2\/comments?post=7509"}],"wp:featuredmedia":[{"embeddable":true,"href":"https:\/\/tuntrading.ee\/ru\/wp-json\/wp\/v2\/media\/7510"}],"wp:attachment":[{"href":"https:\/\/tuntrading.ee\/ru\/wp-json\/wp\/v2\/media?parent=7509"}],"wp:term":[{"taxonomy":"product_brand","embeddable":true,"href":"https:\/\/tuntrading.ee\/ru\/wp-json\/wp\/v2\/product_brand?post=7509"},{"taxonomy":"product_cat","embeddable":true,"href":"https:\/\/tuntrading.ee\/ru\/wp-json\/wp\/v2\/product_cat?post=7509"},{"taxonomy":"product_tag","embeddable":true,"href":"https:\/\/tuntrading.ee\/ru\/wp-json\/wp\/v2\/product_tag?post=7509"}],"curies":[{"name":"wp","href":"https:\/\/api.w.org\/{rel}","templated":true}]}}