{"id":7515,"date":"2026-02-28T11:53:12","date_gmt":"2026-02-28T11:53:12","guid":{"rendered":"https:\/\/tuntrading.ee\/?post_type=product&#038;p=7515"},"modified":"2026-02-28T11:53:52","modified_gmt":"2026-02-28T11:53:52","slug":"verse-women-parfuumvesi-naistele-100ml","status":"publish","type":"product","link":"https:\/\/tuntrading.ee\/ru\/toode\/verse-women-parfuumvesi-naistele-100ml\/","title":{"rendered":"C\u00f4te d&#8217;Azur VERSE  WOMEN  Parf\u00fc\u00fcmvesi naistele 100ml"},"excerpt":{"rendered":"<p><strong>L\u00d5HNNOODID<\/strong><\/p>\n<p><strong>tippnoot: bergamot, roheline mandariin<\/strong><\/p>\n<p><strong>kesknoodid: viigimari, meriliilia, kardemon<\/strong><\/p>\n<p><strong>p\u00f5hinoodid: jasmiin, seeder, sandlipuu, oliivipuu, muskus<\/strong><\/p>\n","protected":false},"featured_media":7516,"comment_status":"open","ping_status":"closed","template":"","meta":[],"product_brand":[],"product_cat":[83,85],"product_tag":[],"class_list":{"0":"post-7515","1":"product","2":"type-product","3":"status-publish","4":"has-post-thumbnail","6":"product_cat-parfuumid","7":"product_cat-parfuumid-naistele","9":"first","10":"instock","11":"shipping-taxable","12":"purchasable","13":"product-type-simple"},"_links":{"self":[{"href":"https:\/\/tuntrading.ee\/ru\/wp-json\/wp\/v2\/product\/7515","targetHints":{"allow":["GET"]}}],"collection":[{"href":"https:\/\/tuntrading.ee\/ru\/wp-json\/wp\/v2\/product"}],"about":[{"href":"https:\/\/tuntrading.ee\/ru\/wp-json\/wp\/v2\/types\/product"}],"replies":[{"embeddable":true,"href":"https:\/\/tuntrading.ee\/ru\/wp-json\/wp\/v2\/comments?post=7515"}],"wp:featuredmedia":[{"embeddable":true,"href":"https:\/\/tuntrading.ee\/ru\/wp-json\/wp\/v2\/media\/7516"}],"wp:attachment":[{"href":"https:\/\/tuntrading.ee\/ru\/wp-json\/wp\/v2\/media?parent=7515"}],"wp:term":[{"taxonomy":"product_brand","embeddable":true,"href":"https:\/\/tuntrading.ee\/ru\/wp-json\/wp\/v2\/product_brand?post=7515"},{"taxonomy":"product_cat","embeddable":true,"href":"https:\/\/tuntrading.ee\/ru\/wp-json\/wp\/v2\/product_cat?post=7515"},{"taxonomy":"product_tag","embeddable":true,"href":"https:\/\/tuntrading.ee\/ru\/wp-json\/wp\/v2\/product_tag?post=7515"}],"curies":[{"name":"wp","href":"https:\/\/api.w.org\/{rel}","templated":true}]}}